{"id":84,"date":"2023-12-06T15:57:06","date_gmt":"2023-12-06T15:57:06","guid":{"rendered":"http:\/\/dracistrakonice.local\/?page_id=82"},"modified":"2024-03-25T11:09:59","modified_gmt":"2024-03-25T11:09:59","slug":"sama-voda","status":"publish","type":"page","link":"https:\/\/dracistrakonice.cz\/?page_id=84","title":{"rendered":"Sam\u00e1 voda"},"content":{"rendered":"\n<div class=\"wp-block-group alignwide has-global-padding is-layout-constrained wp-block-group-is-layout-constrained\">\n<div class=\"wp-block-columns alignwide is-layout-flex wp-container-core-columns-is-layout-28f84493 wp-block-columns-is-layout-flex\">\n<div class=\"wp-block-column is-layout-flow wp-block-column-is-layout-flow\" style=\"flex-basis:66.66%\">\n<h2 class=\"wp-block-heading\">Sam\u00e1 voda<\/h2>\n<\/div>\n\n\n\n<div class=\"wp-block-column is-layout-flow wp-block-column-is-layout-flow\" style=\"flex-basis:33.33%\">\n<figure class=\"wp-block-image alignright size-thumbnail\"><img loading=\"lazy\" decoding=\"async\" width=\"150\" height=\"150\" src=\"https:\/\/dracistrakonice.cz\/wp-content\/uploads\/2024\/02\/samvod-1-150x150.png\" alt=\"\" class=\"wp-image-328\" srcset=\"https:\/\/dracistrakonice.cz\/wp-content\/uploads\/2024\/02\/samvod-1-150x150.png 150w, https:\/\/dracistrakonice.cz\/wp-content\/uploads\/2024\/02\/samvod-1-300x300.png 300w, https:\/\/dracistrakonice.cz\/wp-content\/uploads\/2024\/02\/samvod-1.png 500w\" sizes=\"auto, (max-width: 150px) 100vw, 150px\" \/><\/figure>\n<\/div>\n<\/div>\n<\/div>\n\n\n\n<div class=\"wp-block-group alignwide has-global-padding is-layout-constrained wp-block-group-is-layout-constrained\">\n<div class=\"wp-block-columns alignwide is-layout-flex wp-container-core-columns-is-layout-28f84493 wp-block-columns-is-layout-flex\">\n<div class=\"wp-block-column is-layout-flow wp-block-column-is-layout-flow\" style=\"flex-basis:66.66%\">\n<figure class=\"wp-block-image size-large is-resized\"><img loading=\"lazy\" decoding=\"async\" width=\"1024\" height=\"682\" src=\"https:\/\/dracistrakonice.cz\/wp-content\/uploads\/2024\/02\/IMG-20220904-WA0015-1024x682.jpg\" alt=\"\" class=\"wp-image-269\" style=\"aspect-ratio:1;width:784px;height:auto\" srcset=\"https:\/\/dracistrakonice.cz\/wp-content\/uploads\/2024\/02\/IMG-20220904-WA0015-1024x682.jpg 1024w, https:\/\/dracistrakonice.cz\/wp-content\/uploads\/2024\/02\/IMG-20220904-WA0015-300x200.jpg 300w, https:\/\/dracistrakonice.cz\/wp-content\/uploads\/2024\/02\/IMG-20220904-WA0015-768x512.jpg 768w, https:\/\/dracistrakonice.cz\/wp-content\/uploads\/2024\/02\/IMG-20220904-WA0015-1536x1023.jpg 1536w, https:\/\/dracistrakonice.cz\/wp-content\/uploads\/2024\/02\/IMG-20220904-WA0015.jpg 1600w\" sizes=\"auto, (max-width: 1024px) 100vw, 1024px\" \/><\/figure>\n<\/div>\n\n\n\n<div class=\"wp-block-column is-layout-flow wp-block-column-is-layout-flow\" style=\"flex-basis:33.33%\">\n<figure class=\"wp-block-image size-full\"><img loading=\"lazy\" decoding=\"async\" width=\"504\" height=\"377\" src=\"https:\/\/dracistrakonice.cz\/wp-content\/uploads\/2024\/02\/IMG-20220904-WA0034-3.jpg\" alt=\"\" class=\"wp-image-270\" srcset=\"https:\/\/dracistrakonice.cz\/wp-content\/uploads\/2024\/02\/IMG-20220904-WA0034-3.jpg 504w, https:\/\/dracistrakonice.cz\/wp-content\/uploads\/2024\/02\/IMG-20220904-WA0034-3-300x224.jpg 300w\" sizes=\"auto, (max-width: 504px) 100vw, 504px\" \/><\/figure>\n<\/div>\n<\/div>\n<\/div>\n\n\n\n<div class=\"wp-block-group alignwide has-global-padding is-layout-constrained wp-block-group-is-layout-constrained\">\n<hr class=\"wp-block-separator alignwide has-alpha-channel-opacity\"\/>\n\n\n\n<p class=\"has-text-align-center\">Sam\u00e1 voda<\/p>\n\n\n\n<p class=\"has-text-align-center\">Pos\u00e1dka na\u0161ich \u0161punt\u00edk\u016f, kte\u0159\u00ed k p\u00e1dlov\u00e1n\u00ed p\u0159istupuj\u00ed mnohdy radik\u00e1ln\u011bji ne\u017eli jejich star\u0161\u00ed, vrsteneck\u00e9 pos\u00e1dky.&nbsp;<br>I p\u0159es jejich drobn\u00e9 vzez\u0159en\u00ed, \u0161punti lo\u010f do c\u00edle dorvou za ka\u017edou cenu. Na vod\u011b si vychutn\u00e1vaj\u00ed ka\u017ed\u00fd okam\u017eik a pozn\u00e1te je podle jejich radosti z j\u00edzdy.&nbsp;<\/p>\n\n\n\n<p class=\"has-text-align-center\">Kapit\u00e1n:\u00a0<br>Ladislav Slav\u00ed\u010dek<\/p>\n\n\n\n<hr class=\"wp-block-separator alignwide has-alpha-channel-opacity\"\/>\n<\/div>\n\n\n\n<div class=\"wp-block-group alignwide has-global-padding is-layout-constrained wp-block-group-is-layout-constrained\">\n<figure class=\"wp-block-image alignwide size-large\"><img loading=\"lazy\" decoding=\"async\" width=\"1024\" height=\"682\" src=\"https:\/\/dracistrakonice.cz\/wp-content\/uploads\/2024\/02\/IMG-20220904-WA0015-1-1024x682.jpg\" alt=\"\" class=\"wp-image-271\" srcset=\"https:\/\/dracistrakonice.cz\/wp-content\/uploads\/2024\/02\/IMG-20220904-WA0015-1-1024x682.jpg 1024w, https:\/\/dracistrakonice.cz\/wp-content\/uploads\/2024\/02\/IMG-20220904-WA0015-1-300x200.jpg 300w, https:\/\/dracistrakonice.cz\/wp-content\/uploads\/2024\/02\/IMG-20220904-WA0015-1-768x512.jpg 768w, https:\/\/dracistrakonice.cz\/wp-content\/uploads\/2024\/02\/IMG-20220904-WA0015-1-1536x1023.jpg 1536w, https:\/\/dracistrakonice.cz\/wp-content\/uploads\/2024\/02\/IMG-20220904-WA0015-1.jpg 1600w\" sizes=\"auto, (max-width: 1024px) 100vw, 1024px\" \/><\/figure>\n<\/div>\n","protected":false},"excerpt":{"rendered":"<p>Sam\u00e1 voda Sam\u00e1 voda Pos\u00e1dka na\u0161ich \u0161punt\u00edk\u016f, kte\u0159\u00ed k p\u00e1dlov\u00e1n\u00ed p\u0159istupuj\u00ed mnohdy radik\u00e1ln\u011bji ne\u017eli jejich star\u0161\u00ed, vrsteneck\u00e9 pos\u00e1dky.&nbsp;I p\u0159es jejich drobn\u00e9 vzez\u0159en\u00ed, \u0161punti lo\u010f do c\u00edle dorvou za ka\u017edou cenu. Na vod\u011b si vychutn\u00e1vaj\u00ed ka\u017ed\u00fd okam\u017eik a pozn\u00e1te je podle jejich radosti z j\u00edzdy.&nbsp; Kapit\u00e1n:\u00a0Ladislav Slav\u00ed\u010dek<\/p>\n","protected":false},"author":1,"featured_media":0,"parent":0,"menu_order":0,"comment_status":"closed","ping_status":"closed","template":"","meta":{"footnotes":""},"class_list":["post-84","page","type-page","status-publish","hentry"],"yoast_head":"<!-- This site is optimized with the Yoast SEO plugin v22.9 - https:\/\/yoast.com\/wordpress\/plugins\/seo\/ -->\n<title>Sam\u00e1 voda - Draci Strakonice<\/title>\n<meta name=\"robots\" content=\"index, follow, max-snippet:-1, max-image-preview:large, max-video-preview:-1\" \/>\n<link rel=\"canonical\" href=\"https:\/\/dracistrakonice.cz\/?page_id=84\" \/>\n<meta property=\"og:locale\" content=\"cs_CZ\" \/>\n<meta property=\"og:type\" content=\"article\" \/>\n<meta property=\"og:title\" content=\"Sam\u00e1 voda - Draci Strakonice\" \/>\n<meta property=\"og:description\" content=\"Sam\u00e1 voda Sam\u00e1 voda Pos\u00e1dka na\u0161ich \u0161punt\u00edk\u016f, kte\u0159\u00ed k p\u00e1dlov\u00e1n\u00ed p\u0159istupuj\u00ed mnohdy radik\u00e1ln\u011bji ne\u017eli jejich star\u0161\u00ed, vrsteneck\u00e9 pos\u00e1dky.&nbsp;I p\u0159es jejich drobn\u00e9 vzez\u0159en\u00ed, \u0161punti lo\u010f do c\u00edle dorvou za ka\u017edou cenu. Na vod\u011b si vychutn\u00e1vaj\u00ed ka\u017ed\u00fd okam\u017eik a pozn\u00e1te je podle jejich radosti z j\u00edzdy.&nbsp; Kapit\u00e1n:\u00a0Ladislav Slav\u00ed\u010dek\" \/>\n<meta property=\"og:url\" content=\"https:\/\/dracistrakonice.cz\/?page_id=84\" \/>\n<meta property=\"og:site_name\" content=\"Draci Strakonice\" \/>\n<meta property=\"article:modified_time\" content=\"2024-03-25T11:09:59+00:00\" \/>\n<meta property=\"og:image\" content=\"https:\/\/dracistrakonice.cz\/wp-content\/uploads\/2024\/02\/samvod-1-150x150.png\" \/>\n<meta name=\"twitter:card\" content=\"summary_large_image\" \/>\n<script type=\"application\/ld+json\" class=\"yoast-schema-graph\">{\"@context\":\"https:\/\/schema.org\",\"@graph\":[{\"@type\":\"WebPage\",\"@id\":\"https:\/\/dracistrakonice.cz\/?page_id=84\",\"url\":\"https:\/\/dracistrakonice.cz\/?page_id=84\",\"name\":\"Sam\u00e1 voda - Draci Strakonice\",\"isPartOf\":{\"@id\":\"https:\/\/dracistrakonice.cz\/#website\"},\"primaryImageOfPage\":{\"@id\":\"https:\/\/dracistrakonice.cz\/?page_id=84#primaryimage\"},\"image\":{\"@id\":\"https:\/\/dracistrakonice.cz\/?page_id=84#primaryimage\"},\"thumbnailUrl\":\"https:\/\/dracistrakonice.cz\/wp-content\/uploads\/2024\/02\/samvod-1-150x150.png\",\"datePublished\":\"2023-12-06T15:57:06+00:00\",\"dateModified\":\"2024-03-25T11:09:59+00:00\",\"breadcrumb\":{\"@id\":\"https:\/\/dracistrakonice.cz\/?page_id=84#breadcrumb\"},\"inLanguage\":\"cs\",\"potentialAction\":[{\"@type\":\"ReadAction\",\"target\":[\"https:\/\/dracistrakonice.cz\/?page_id=84\"]}]},{\"@type\":\"ImageObject\",\"inLanguage\":\"cs\",\"@id\":\"https:\/\/dracistrakonice.cz\/?page_id=84#primaryimage\",\"url\":\"https:\/\/dracistrakonice.cz\/wp-content\/uploads\/2024\/02\/samvod-1.png\",\"contentUrl\":\"https:\/\/dracistrakonice.cz\/wp-content\/uploads\/2024\/02\/samvod-1.png\",\"width\":500,\"height\":500},{\"@type\":\"BreadcrumbList\",\"@id\":\"https:\/\/dracistrakonice.cz\/?page_id=84#breadcrumb\",\"itemListElement\":[{\"@type\":\"ListItem\",\"position\":1,\"name\":\"Dom\u016f\",\"item\":\"https:\/\/dracistrakonice.cz\/\"},{\"@type\":\"ListItem\",\"position\":2,\"name\":\"Sam\u00e1 voda\"}]},{\"@type\":\"WebSite\",\"@id\":\"https:\/\/dracistrakonice.cz\/#website\",\"url\":\"https:\/\/dracistrakonice.cz\/\",\"name\":\"Draci Strakonice\",\"description\":\"\",\"publisher\":{\"@id\":\"https:\/\/dracistrakonice.cz\/#organization\"},\"potentialAction\":[{\"@type\":\"SearchAction\",\"target\":{\"@type\":\"EntryPoint\",\"urlTemplate\":\"https:\/\/dracistrakonice.cz\/?s={search_term_string}\"},\"query-input\":\"required name=search_term_string\"}],\"inLanguage\":\"cs\"},{\"@type\":\"Organization\",\"@id\":\"https:\/\/dracistrakonice.cz\/#organization\",\"name\":\"Draci Strakonice\",\"url\":\"https:\/\/dracistrakonice.cz\/\",\"logo\":{\"@type\":\"ImageObject\",\"inLanguage\":\"cs\",\"@id\":\"https:\/\/dracistrakonice.cz\/#\/schema\/logo\/image\/\",\"url\":\"https:\/\/dracistrakonice.cz\/wp-content\/uploads\/2024\/02\/Draci-Strakonice.png\",\"contentUrl\":\"https:\/\/dracistrakonice.cz\/wp-content\/uploads\/2024\/02\/Draci-Strakonice.png\",\"width\":500,\"height\":500,\"caption\":\"Draci Strakonice\"},\"image\":{\"@id\":\"https:\/\/dracistrakonice.cz\/#\/schema\/logo\/image\/\"}}]}<\/script>\n<!-- \/ Yoast SEO plugin. -->","yoast_head_json":{"title":"Sam\u00e1 voda - Draci Strakonice","robots":{"index":"index","follow":"follow","max-snippet":"max-snippet:-1","max-image-preview":"max-image-preview:large","max-video-preview":"max-video-preview:-1"},"canonical":"https:\/\/dracistrakonice.cz\/?page_id=84","og_locale":"cs_CZ","og_type":"article","og_title":"Sam\u00e1 voda - Draci Strakonice","og_description":"Sam\u00e1 voda Sam\u00e1 voda Pos\u00e1dka na\u0161ich \u0161punt\u00edk\u016f, kte\u0159\u00ed k p\u00e1dlov\u00e1n\u00ed p\u0159istupuj\u00ed mnohdy radik\u00e1ln\u011bji ne\u017eli jejich star\u0161\u00ed, vrsteneck\u00e9 pos\u00e1dky.&nbsp;I p\u0159es jejich drobn\u00e9 vzez\u0159en\u00ed, \u0161punti lo\u010f do c\u00edle dorvou za ka\u017edou cenu. Na vod\u011b si vychutn\u00e1vaj\u00ed ka\u017ed\u00fd okam\u017eik a pozn\u00e1te je podle jejich radosti z j\u00edzdy.&nbsp; Kapit\u00e1n:\u00a0Ladislav Slav\u00ed\u010dek","og_url":"https:\/\/dracistrakonice.cz\/?page_id=84","og_site_name":"Draci Strakonice","article_modified_time":"2024-03-25T11:09:59+00:00","og_image":[{"url":"https:\/\/dracistrakonice.cz\/wp-content\/uploads\/2024\/02\/samvod-1-150x150.png"}],"twitter_card":"summary_large_image","schema":{"@context":"https:\/\/schema.org","@graph":[{"@type":"WebPage","@id":"https:\/\/dracistrakonice.cz\/?page_id=84","url":"https:\/\/dracistrakonice.cz\/?page_id=84","name":"Sam\u00e1 voda - Draci Strakonice","isPartOf":{"@id":"https:\/\/dracistrakonice.cz\/#website"},"primaryImageOfPage":{"@id":"https:\/\/dracistrakonice.cz\/?page_id=84#primaryimage"},"image":{"@id":"https:\/\/dracistrakonice.cz\/?page_id=84#primaryimage"},"thumbnailUrl":"https:\/\/dracistrakonice.cz\/wp-content\/uploads\/2024\/02\/samvod-1-150x150.png","datePublished":"2023-12-06T15:57:06+00:00","dateModified":"2024-03-25T11:09:59+00:00","breadcrumb":{"@id":"https:\/\/dracistrakonice.cz\/?page_id=84#breadcrumb"},"inLanguage":"cs","potentialAction":[{"@type":"ReadAction","target":["https:\/\/dracistrakonice.cz\/?page_id=84"]}]},{"@type":"ImageObject","inLanguage":"cs","@id":"https:\/\/dracistrakonice.cz\/?page_id=84#primaryimage","url":"https:\/\/dracistrakonice.cz\/wp-content\/uploads\/2024\/02\/samvod-1.png","contentUrl":"https:\/\/dracistrakonice.cz\/wp-content\/uploads\/2024\/02\/samvod-1.png","width":500,"height":500},{"@type":"BreadcrumbList","@id":"https:\/\/dracistrakonice.cz\/?page_id=84#breadcrumb","itemListElement":[{"@type":"ListItem","position":1,"name":"Dom\u016f","item":"https:\/\/dracistrakonice.cz\/"},{"@type":"ListItem","position":2,"name":"Sam\u00e1 voda"}]},{"@type":"WebSite","@id":"https:\/\/dracistrakonice.cz\/#website","url":"https:\/\/dracistrakonice.cz\/","name":"Draci Strakonice","description":"","publisher":{"@id":"https:\/\/dracistrakonice.cz\/#organization"},"potentialAction":[{"@type":"SearchAction","target":{"@type":"EntryPoint","urlTemplate":"https:\/\/dracistrakonice.cz\/?s={search_term_string}"},"query-input":"required name=search_term_string"}],"inLanguage":"cs"},{"@type":"Organization","@id":"https:\/\/dracistrakonice.cz\/#organization","name":"Draci Strakonice","url":"https:\/\/dracistrakonice.cz\/","logo":{"@type":"ImageObject","inLanguage":"cs","@id":"https:\/\/dracistrakonice.cz\/#\/schema\/logo\/image\/","url":"https:\/\/dracistrakonice.cz\/wp-content\/uploads\/2024\/02\/Draci-Strakonice.png","contentUrl":"https:\/\/dracistrakonice.cz\/wp-content\/uploads\/2024\/02\/Draci-Strakonice.png","width":500,"height":500,"caption":"Draci Strakonice"},"image":{"@id":"https:\/\/dracistrakonice.cz\/#\/schema\/logo\/image\/"}}]}},"_links":{"self":[{"href":"https:\/\/dracistrakonice.cz\/index.php?rest_route=\/wp\/v2\/pages\/84","targetHints":{"allow":["GET"]}}],"collection":[{"href":"https:\/\/dracistrakonice.cz\/index.php?rest_route=\/wp\/v2\/pages"}],"about":[{"href":"https:\/\/dracistrakonice.cz\/index.php?rest_route=\/wp\/v2\/types\/page"}],"author":[{"embeddable":true,"href":"https:\/\/dracistrakonice.cz\/index.php?rest_route=\/wp\/v2\/users\/1"}],"replies":[{"embeddable":true,"href":"https:\/\/dracistrakonice.cz\/index.php?rest_route=%2Fwp%2Fv2%2Fcomments&post=84"}],"version-history":[{"count":4,"href":"https:\/\/dracistrakonice.cz\/index.php?rest_route=\/wp\/v2\/pages\/84\/revisions"}],"predecessor-version":[{"id":340,"href":"https:\/\/dracistrakonice.cz\/index.php?rest_route=\/wp\/v2\/pages\/84\/revisions\/340"}],"wp:attachment":[{"href":"https:\/\/dracistrakonice.cz\/index.php?rest_route=%2Fwp%2Fv2%2Fmedia&parent=84"}],"curies":[{"name":"wp","href":"https:\/\/api.w.org\/{rel}","templated":true}]}}