{"id":76,"date":"2023-12-06T15:56:36","date_gmt":"2023-12-06T15:56:36","guid":{"rendered":"http:\/\/dracistrakonice.local\/?page_id=76"},"modified":"2024-02-26T21:55:45","modified_gmt":"2024-02-26T21:55:45","slug":"buchta-team","status":"publish","type":"page","link":"https:\/\/dracistrakonice.cz\/?page_id=76","title":{"rendered":"Buchta team"},"content":{"rendered":"\n<div class=\"wp-block-group alignwide has-global-padding is-layout-constrained wp-block-group-is-layout-constrained\">\n<div class=\"wp-block-columns alignwide is-layout-flex wp-container-core-columns-is-layout-28f84493 wp-block-columns-is-layout-flex\">\n<div class=\"wp-block-column is-vertically-aligned-stretch is-layout-flow wp-block-column-is-layout-flow\" style=\"flex-basis:66.66%\">\n<h2 class=\"wp-block-heading alignwide\">Buchta team<\/h2>\n<\/div>\n\n\n\n<div class=\"wp-block-column is-layout-flow wp-block-column-is-layout-flow\" style=\"flex-basis:33.33%\">\n<figure class=\"wp-block-image alignright size-thumbnail\"><img loading=\"lazy\" decoding=\"async\" width=\"150\" height=\"150\" src=\"https:\/\/dracistrakonice.cz\/wp-content\/uploads\/2024\/02\/buchtateam-1-150x150.png\" alt=\"\" class=\"wp-image-311\" srcset=\"https:\/\/dracistrakonice.cz\/wp-content\/uploads\/2024\/02\/buchtateam-1-150x150.png 150w, https:\/\/dracistrakonice.cz\/wp-content\/uploads\/2024\/02\/buchtateam-1-300x300.png 300w, https:\/\/dracistrakonice.cz\/wp-content\/uploads\/2024\/02\/buchtateam-1.png 500w\" sizes=\"auto, (max-width: 150px) 100vw, 150px\" \/><\/figure>\n<\/div>\n<\/div>\n<\/div>\n\n\n\n<div class=\"wp-block-group alignwide has-global-padding is-layout-constrained wp-block-group-is-layout-constrained\">\n<div class=\"wp-block-columns alignwide are-vertically-aligned-top is-layout-flex wp-container-core-columns-is-layout-28f84493 wp-block-columns-is-layout-flex\">\n<div class=\"wp-block-column is-vertically-aligned-top is-layout-flow wp-block-column-is-layout-flow\" style=\"flex-basis:66.66%\">\n<figure class=\"wp-block-image size-large\"><img loading=\"lazy\" decoding=\"async\" width=\"1599\" height=\"1067\" src=\"https:\/\/dracistrakonice.cz\/wp-content\/uploads\/2024\/02\/IMG-20210907-WA0000-1-edited-1.jpg\" alt=\"\" class=\"wp-image-320\" style=\"object-fit:cover\" srcset=\"https:\/\/dracistrakonice.cz\/wp-content\/uploads\/2024\/02\/IMG-20210907-WA0000-1-edited-1.jpg 1599w, https:\/\/dracistrakonice.cz\/wp-content\/uploads\/2024\/02\/IMG-20210907-WA0000-1-edited-1-300x200.jpg 300w, https:\/\/dracistrakonice.cz\/wp-content\/uploads\/2024\/02\/IMG-20210907-WA0000-1-edited-1-1024x683.jpg 1024w, https:\/\/dracistrakonice.cz\/wp-content\/uploads\/2024\/02\/IMG-20210907-WA0000-1-edited-1-768x512.jpg 768w, https:\/\/dracistrakonice.cz\/wp-content\/uploads\/2024\/02\/IMG-20210907-WA0000-1-edited-1-1536x1025.jpg 1536w\" sizes=\"auto, (max-width: 1599px) 100vw, 1599px\" \/><\/figure>\n<\/div>\n\n\n\n<div class=\"wp-block-column is-vertically-aligned-top is-layout-flow wp-block-column-is-layout-flow\" style=\"flex-basis:33.33%\">\n<figure class=\"wp-block-image size-large\"><img loading=\"lazy\" decoding=\"async\" width=\"768\" height=\"1024\" src=\"https:\/\/dracistrakonice.cz\/wp-content\/uploads\/2024\/02\/IMG-20210907-WA0003-2-768x1024.jpg\" alt=\"\" class=\"wp-image-316\" srcset=\"https:\/\/dracistrakonice.cz\/wp-content\/uploads\/2024\/02\/IMG-20210907-WA0003-2-768x1023.jpg 768w, https:\/\/dracistrakonice.cz\/wp-content\/uploads\/2024\/02\/IMG-20210907-WA0003-2-225x300.jpg 225w, https:\/\/dracistrakonice.cz\/wp-content\/uploads\/2024\/02\/IMG-20210907-WA0003-2-1153x1536.jpg 1153w, https:\/\/dracistrakonice.cz\/wp-content\/uploads\/2024\/02\/IMG-20210907-WA0003-2.jpg 1200w\" sizes=\"auto, (max-width: 768px) 100vw, 768px\" \/><\/figure>\n<\/div>\n<\/div>\n<\/div>\n\n\n\n<div class=\"wp-block-group alignwide has-global-padding is-layout-constrained wp-block-group-is-layout-constrained\">\n<hr class=\"wp-block-separator alignwide has-alpha-channel-opacity is-style-wide\" style=\"margin-top:var(--wp--preset--spacing--40);margin-bottom:var(--wp--preset--spacing--40)\"\/>\n\n\n\n<p class=\"has-text-align-center\">Buchta team<\/p>\n\n\n\n<p class=\"has-text-align-center\">Buchta team je pos\u00e1dka s nejdel\u0161\u00ed tradic\u00ed u n\u00e1s. V z\u00e1vodech vynikaj\u00ed svou v\u00fddr\u017e\u00ed na dlouh\u00fdch trat\u00edch, kde v\u017edy p\u0159edv\u00e1d\u00ed skv\u011bl\u00e9 v\u00fdkony. R\u00e1di cestuj\u00ed po z\u00e1vodech v r\u00e1mci cel\u00e9 \u010cR, tak\u017ee na n\u011b m\u016f\u017eete klidn\u011b narazit.<\/p>\n\n\n\n<p class=\"has-text-align-center\">Kapit\u00e1n: \u0160\u00e1rka Reiterov\u00e1<\/p>\n\n\n\n<hr class=\"wp-block-separator alignwide has-alpha-channel-opacity is-style-wide\" style=\"margin-top:var(--wp--preset--spacing--40);margin-bottom:var(--wp--preset--spacing--40)\"\/>\n<\/div>\n\n\n\n<div class=\"wp-block-group alignwide has-global-padding is-layout-constrained wp-block-group-is-layout-constrained\">\n<figure class=\"wp-block-image alignwide size-large\"><img loading=\"lazy\" decoding=\"async\" width=\"1024\" height=\"682\" src=\"https:\/\/dracistrakonice.cz\/wp-content\/uploads\/2024\/02\/IMG-20220904-WA0018-1024x682.jpg\" alt=\"\" class=\"wp-image-259\" srcset=\"https:\/\/dracistrakonice.cz\/wp-content\/uploads\/2024\/02\/IMG-20220904-WA0018-1024x682.jpg 1024w, https:\/\/dracistrakonice.cz\/wp-content\/uploads\/2024\/02\/IMG-20220904-WA0018-300x200.jpg 300w, https:\/\/dracistrakonice.cz\/wp-content\/uploads\/2024\/02\/IMG-20220904-WA0018-768x512.jpg 768w, https:\/\/dracistrakonice.cz\/wp-content\/uploads\/2024\/02\/IMG-20220904-WA0018-1536x1023.jpg 1536w, https:\/\/dracistrakonice.cz\/wp-content\/uploads\/2024\/02\/IMG-20220904-WA0018.jpg 1600w\" sizes=\"auto, (max-width: 1024px) 100vw, 1024px\" \/><\/figure>\n<\/div>\n","protected":false},"excerpt":{"rendered":"<p>Buchta team Buchta team Buchta team je pos\u00e1dka s nejdel\u0161\u00ed tradic\u00ed u n\u00e1s. V z\u00e1vodech vynikaj\u00ed svou v\u00fddr\u017e\u00ed na dlouh\u00fdch trat\u00edch, kde v\u017edy p\u0159edv\u00e1d\u00ed skv\u011bl\u00e9 v\u00fdkony. R\u00e1di cestuj\u00ed po z\u00e1vodech v r\u00e1mci cel\u00e9 \u010cR, tak\u017ee na n\u011b m\u016f\u017eete klidn\u011b narazit. Kapit\u00e1n: \u0160\u00e1rka Reiterov\u00e1<\/p>\n","protected":false},"author":1,"featured_media":0,"parent":0,"menu_order":0,"comment_status":"closed","ping_status":"closed","template":"","meta":{"footnotes":""},"class_list":["post-76","page","type-page","status-publish","hentry"],"yoast_head":"<!-- This site is optimized with the Yoast SEO plugin v22.9 - https:\/\/yoast.com\/wordpress\/plugins\/seo\/ -->\n<title>Buchta team - Draci Strakonice<\/title>\n<meta name=\"robots\" content=\"index, follow, max-snippet:-1, max-image-preview:large, max-video-preview:-1\" \/>\n<link rel=\"canonical\" href=\"https:\/\/dracistrakonice.cz\/?page_id=76\" \/>\n<meta property=\"og:locale\" content=\"cs_CZ\" \/>\n<meta property=\"og:type\" content=\"article\" \/>\n<meta property=\"og:title\" content=\"Buchta team - Draci Strakonice\" \/>\n<meta property=\"og:description\" content=\"Buchta team Buchta team Buchta team je pos\u00e1dka s nejdel\u0161\u00ed tradic\u00ed u n\u00e1s. V z\u00e1vodech vynikaj\u00ed svou v\u00fddr\u017e\u00ed na dlouh\u00fdch trat\u00edch, kde v\u017edy p\u0159edv\u00e1d\u00ed skv\u011bl\u00e9 v\u00fdkony. R\u00e1di cestuj\u00ed po z\u00e1vodech v r\u00e1mci cel\u00e9 \u010cR, tak\u017ee na n\u011b m\u016f\u017eete klidn\u011b narazit. Kapit\u00e1n: \u0160\u00e1rka Reiterov\u00e1\" \/>\n<meta property=\"og:url\" content=\"https:\/\/dracistrakonice.cz\/?page_id=76\" \/>\n<meta property=\"og:site_name\" content=\"Draci Strakonice\" \/>\n<meta property=\"article:modified_time\" content=\"2024-02-26T21:55:45+00:00\" \/>\n<meta property=\"og:image\" content=\"https:\/\/dracistrakonice.cz\/wp-content\/uploads\/2024\/02\/buchtateam-1-150x150.png\" \/>\n<meta name=\"twitter:card\" content=\"summary_large_image\" \/>\n<script type=\"application\/ld+json\" class=\"yoast-schema-graph\">{\"@context\":\"https:\/\/schema.org\",\"@graph\":[{\"@type\":\"WebPage\",\"@id\":\"https:\/\/dracistrakonice.cz\/?page_id=76\",\"url\":\"https:\/\/dracistrakonice.cz\/?page_id=76\",\"name\":\"Buchta team - Draci Strakonice\",\"isPartOf\":{\"@id\":\"https:\/\/dracistrakonice.cz\/#website\"},\"primaryImageOfPage\":{\"@id\":\"https:\/\/dracistrakonice.cz\/?page_id=76#primaryimage\"},\"image\":{\"@id\":\"https:\/\/dracistrakonice.cz\/?page_id=76#primaryimage\"},\"thumbnailUrl\":\"https:\/\/dracistrakonice.cz\/wp-content\/uploads\/2024\/02\/buchtateam-1-150x150.png\",\"datePublished\":\"2023-12-06T15:56:36+00:00\",\"dateModified\":\"2024-02-26T21:55:45+00:00\",\"breadcrumb\":{\"@id\":\"https:\/\/dracistrakonice.cz\/?page_id=76#breadcrumb\"},\"inLanguage\":\"cs\",\"potentialAction\":[{\"@type\":\"ReadAction\",\"target\":[\"https:\/\/dracistrakonice.cz\/?page_id=76\"]}]},{\"@type\":\"ImageObject\",\"inLanguage\":\"cs\",\"@id\":\"https:\/\/dracistrakonice.cz\/?page_id=76#primaryimage\",\"url\":\"https:\/\/dracistrakonice.cz\/wp-content\/uploads\/2024\/02\/buchtateam-1.png\",\"contentUrl\":\"https:\/\/dracistrakonice.cz\/wp-content\/uploads\/2024\/02\/buchtateam-1.png\",\"width\":500,\"height\":500},{\"@type\":\"BreadcrumbList\",\"@id\":\"https:\/\/dracistrakonice.cz\/?page_id=76#breadcrumb\",\"itemListElement\":[{\"@type\":\"ListItem\",\"position\":1,\"name\":\"Dom\u016f\",\"item\":\"https:\/\/dracistrakonice.cz\/\"},{\"@type\":\"ListItem\",\"position\":2,\"name\":\"Buchta team\"}]},{\"@type\":\"WebSite\",\"@id\":\"https:\/\/dracistrakonice.cz\/#website\",\"url\":\"https:\/\/dracistrakonice.cz\/\",\"name\":\"Draci Strakonice\",\"description\":\"\",\"publisher\":{\"@id\":\"https:\/\/dracistrakonice.cz\/#organization\"},\"potentialAction\":[{\"@type\":\"SearchAction\",\"target\":{\"@type\":\"EntryPoint\",\"urlTemplate\":\"https:\/\/dracistrakonice.cz\/?s={search_term_string}\"},\"query-input\":\"required name=search_term_string\"}],\"inLanguage\":\"cs\"},{\"@type\":\"Organization\",\"@id\":\"https:\/\/dracistrakonice.cz\/#organization\",\"name\":\"Draci Strakonice\",\"url\":\"https:\/\/dracistrakonice.cz\/\",\"logo\":{\"@type\":\"ImageObject\",\"inLanguage\":\"cs\",\"@id\":\"https:\/\/dracistrakonice.cz\/#\/schema\/logo\/image\/\",\"url\":\"https:\/\/dracistrakonice.cz\/wp-content\/uploads\/2024\/02\/Draci-Strakonice.png\",\"contentUrl\":\"https:\/\/dracistrakonice.cz\/wp-content\/uploads\/2024\/02\/Draci-Strakonice.png\",\"width\":500,\"height\":500,\"caption\":\"Draci Strakonice\"},\"image\":{\"@id\":\"https:\/\/dracistrakonice.cz\/#\/schema\/logo\/image\/\"}}]}<\/script>\n<!-- \/ Yoast SEO plugin. -->","yoast_head_json":{"title":"Buchta team - Draci Strakonice","robots":{"index":"index","follow":"follow","max-snippet":"max-snippet:-1","max-image-preview":"max-image-preview:large","max-video-preview":"max-video-preview:-1"},"canonical":"https:\/\/dracistrakonice.cz\/?page_id=76","og_locale":"cs_CZ","og_type":"article","og_title":"Buchta team - Draci Strakonice","og_description":"Buchta team Buchta team Buchta team je pos\u00e1dka s nejdel\u0161\u00ed tradic\u00ed u n\u00e1s. V z\u00e1vodech vynikaj\u00ed svou v\u00fddr\u017e\u00ed na dlouh\u00fdch trat\u00edch, kde v\u017edy p\u0159edv\u00e1d\u00ed skv\u011bl\u00e9 v\u00fdkony. R\u00e1di cestuj\u00ed po z\u00e1vodech v r\u00e1mci cel\u00e9 \u010cR, tak\u017ee na n\u011b m\u016f\u017eete klidn\u011b narazit. Kapit\u00e1n: \u0160\u00e1rka Reiterov\u00e1","og_url":"https:\/\/dracistrakonice.cz\/?page_id=76","og_site_name":"Draci Strakonice","article_modified_time":"2024-02-26T21:55:45+00:00","og_image":[{"url":"https:\/\/dracistrakonice.cz\/wp-content\/uploads\/2024\/02\/buchtateam-1-150x150.png"}],"twitter_card":"summary_large_image","schema":{"@context":"https:\/\/schema.org","@graph":[{"@type":"WebPage","@id":"https:\/\/dracistrakonice.cz\/?page_id=76","url":"https:\/\/dracistrakonice.cz\/?page_id=76","name":"Buchta team - Draci Strakonice","isPartOf":{"@id":"https:\/\/dracistrakonice.cz\/#website"},"primaryImageOfPage":{"@id":"https:\/\/dracistrakonice.cz\/?page_id=76#primaryimage"},"image":{"@id":"https:\/\/dracistrakonice.cz\/?page_id=76#primaryimage"},"thumbnailUrl":"https:\/\/dracistrakonice.cz\/wp-content\/uploads\/2024\/02\/buchtateam-1-150x150.png","datePublished":"2023-12-06T15:56:36+00:00","dateModified":"2024-02-26T21:55:45+00:00","breadcrumb":{"@id":"https:\/\/dracistrakonice.cz\/?page_id=76#breadcrumb"},"inLanguage":"cs","potentialAction":[{"@type":"ReadAction","target":["https:\/\/dracistrakonice.cz\/?page_id=76"]}]},{"@type":"ImageObject","inLanguage":"cs","@id":"https:\/\/dracistrakonice.cz\/?page_id=76#primaryimage","url":"https:\/\/dracistrakonice.cz\/wp-content\/uploads\/2024\/02\/buchtateam-1.png","contentUrl":"https:\/\/dracistrakonice.cz\/wp-content\/uploads\/2024\/02\/buchtateam-1.png","width":500,"height":500},{"@type":"BreadcrumbList","@id":"https:\/\/dracistrakonice.cz\/?page_id=76#breadcrumb","itemListElement":[{"@type":"ListItem","position":1,"name":"Dom\u016f","item":"https:\/\/dracistrakonice.cz\/"},{"@type":"ListItem","position":2,"name":"Buchta team"}]},{"@type":"WebSite","@id":"https:\/\/dracistrakonice.cz\/#website","url":"https:\/\/dracistrakonice.cz\/","name":"Draci Strakonice","description":"","publisher":{"@id":"https:\/\/dracistrakonice.cz\/#organization"},"potentialAction":[{"@type":"SearchAction","target":{"@type":"EntryPoint","urlTemplate":"https:\/\/dracistrakonice.cz\/?s={search_term_string}"},"query-input":"required name=search_term_string"}],"inLanguage":"cs"},{"@type":"Organization","@id":"https:\/\/dracistrakonice.cz\/#organization","name":"Draci Strakonice","url":"https:\/\/dracistrakonice.cz\/","logo":{"@type":"ImageObject","inLanguage":"cs","@id":"https:\/\/dracistrakonice.cz\/#\/schema\/logo\/image\/","url":"https:\/\/dracistrakonice.cz\/wp-content\/uploads\/2024\/02\/Draci-Strakonice.png","contentUrl":"https:\/\/dracistrakonice.cz\/wp-content\/uploads\/2024\/02\/Draci-Strakonice.png","width":500,"height":500,"caption":"Draci Strakonice"},"image":{"@id":"https:\/\/dracistrakonice.cz\/#\/schema\/logo\/image\/"}}]}},"_links":{"self":[{"href":"https:\/\/dracistrakonice.cz\/index.php?rest_route=\/wp\/v2\/pages\/76","targetHints":{"allow":["GET"]}}],"collection":[{"href":"https:\/\/dracistrakonice.cz\/index.php?rest_route=\/wp\/v2\/pages"}],"about":[{"href":"https:\/\/dracistrakonice.cz\/index.php?rest_route=\/wp\/v2\/types\/page"}],"author":[{"embeddable":true,"href":"https:\/\/dracistrakonice.cz\/index.php?rest_route=\/wp\/v2\/users\/1"}],"replies":[{"embeddable":true,"href":"https:\/\/dracistrakonice.cz\/index.php?rest_route=%2Fwp%2Fv2%2Fcomments&post=76"}],"version-history":[{"count":4,"href":"https:\/\/dracistrakonice.cz\/index.php?rest_route=\/wp\/v2\/pages\/76\/revisions"}],"predecessor-version":[{"id":321,"href":"https:\/\/dracistrakonice.cz\/index.php?rest_route=\/wp\/v2\/pages\/76\/revisions\/321"}],"wp:attachment":[{"href":"https:\/\/dracistrakonice.cz\/index.php?rest_route=%2Fwp%2Fv2%2Fmedia&parent=76"}],"curies":[{"name":"wp","href":"https:\/\/api.w.org\/{rel}","templated":true}]}}