{"id":20,"date":"2023-10-02T09:17:59","date_gmt":"2023-10-02T09:17:59","guid":{"rendered":"http:\/\/dracistrakonice.local\/?page_id=20"},"modified":"2024-02-25T00:45:19","modified_gmt":"2024-02-25T00:45:19","slug":"kontakty","status":"publish","type":"page","link":"https:\/\/dracistrakonice.cz\/?page_id=20","title":{"rendered":"Kontakty"},"content":{"rendered":"\n<div class=\"wp-block-group alignwide has-global-padding is-layout-constrained wp-block-group-is-layout-constrained\">\n<div class=\"wp-block-columns alignwide is-layout-flex wp-container-core-columns-is-layout-28f84493 wp-block-columns-is-layout-flex\">\n<div class=\"wp-block-column is-layout-flow wp-block-column-is-layout-flow\" style=\"flex-basis:33.33%\">\n<h1 class=\"wp-block-heading\">Kontakty<\/h1>\n\n\n\n<p>N\u00c1ZEV:&nbsp;DRACI STRAKONICE, z.s.<br>I\u010cO:&nbsp;09928651<br>FORMA:&nbsp;Spolek<br>P\u0158EDSEDA:&nbsp;V\u00e1clav Slav\u00edk<br>TEL.:&nbsp;604 460 493<br>EMAIL:&nbsp;draci.strakonice@seznam.cz<\/p>\n<\/div>\n\n\n\n<div class=\"wp-block-column is-layout-flow wp-block-column-is-layout-flow\" style=\"flex-basis:66.66%\">\n<figure class=\"wp-block-image size-large\"><img loading=\"lazy\" decoding=\"async\" width=\"1024\" height=\"1024\" src=\"https:\/\/dracistrakonice.cz\/wp-content\/uploads\/2024\/02\/IMG-20210902-WA0000-1024x1024.jpg\" alt=\"\" class=\"wp-image-248\" srcset=\"https:\/\/dracistrakonice.cz\/wp-content\/uploads\/2024\/02\/IMG-20210902-WA0000-1024x1024.jpg 1024w, https:\/\/dracistrakonice.cz\/wp-content\/uploads\/2024\/02\/IMG-20210902-WA0000-300x300.jpg 300w, https:\/\/dracistrakonice.cz\/wp-content\/uploads\/2024\/02\/IMG-20210902-WA0000-150x150.jpg 150w, https:\/\/dracistrakonice.cz\/wp-content\/uploads\/2024\/02\/IMG-20210902-WA0000-768x768.jpg 768w, https:\/\/dracistrakonice.cz\/wp-content\/uploads\/2024\/02\/IMG-20210902-WA0000-1536x1536.jpg 1536w, https:\/\/dracistrakonice.cz\/wp-content\/uploads\/2024\/02\/IMG-20210902-WA0000.jpg 1728w\" sizes=\"auto, (max-width: 1024px) 100vw, 1024px\" \/><\/figure>\n<\/div>\n<\/div>\n<\/div>\n","protected":false},"excerpt":{"rendered":"<p>Kontakty N\u00c1ZEV:&nbsp;DRACI STRAKONICE, z.s.I\u010cO:&nbsp;09928651FORMA:&nbsp;SpolekP\u0158EDSEDA:&nbsp;V\u00e1clav Slav\u00edkTEL.:&nbsp;604 460 493EMAIL:&nbsp;draci.strakonice@seznam.cz<\/p>\n","protected":false},"author":1,"featured_media":0,"parent":0,"menu_order":0,"comment_status":"closed","ping_status":"closed","template":"","meta":{"footnotes":""},"class_list":["post-20","page","type-page","status-publish","hentry"],"yoast_head":"<!-- This site is optimized with the Yoast SEO plugin v22.9 - https:\/\/yoast.com\/wordpress\/plugins\/seo\/ -->\n<title>Kontakty - Draci Strakonice<\/title>\n<meta name=\"robots\" content=\"index, follow, max-snippet:-1, max-image-preview:large, max-video-preview:-1\" \/>\n<link rel=\"canonical\" href=\"https:\/\/dracistrakonice.cz\/?page_id=20\" \/>\n<meta property=\"og:locale\" content=\"cs_CZ\" \/>\n<meta property=\"og:type\" content=\"article\" \/>\n<meta property=\"og:title\" content=\"Kontakty - Draci Strakonice\" \/>\n<meta property=\"og:description\" content=\"Kontakty N\u00c1ZEV:&nbsp;DRACI STRAKONICE, z.s.I\u010cO:&nbsp;09928651FORMA:&nbsp;SpolekP\u0158EDSEDA:&nbsp;V\u00e1clav Slav\u00edkTEL.:&nbsp;604 460 493EMAIL:&nbsp;draci.strakonice@seznam.cz\" \/>\n<meta property=\"og:url\" content=\"https:\/\/dracistrakonice.cz\/?page_id=20\" \/>\n<meta property=\"og:site_name\" content=\"Draci Strakonice\" \/>\n<meta property=\"article:modified_time\" content=\"2024-02-25T00:45:19+00:00\" \/>\n<meta property=\"og:image\" content=\"https:\/\/dracistrakonice.cz\/wp-content\/uploads\/2024\/02\/IMG-20210902-WA0000-1024x1024.jpg\" \/>\n<meta name=\"twitter:card\" content=\"summary_large_image\" \/>\n<script type=\"application\/ld+json\" class=\"yoast-schema-graph\">{\"@context\":\"https:\/\/schema.org\",\"@graph\":[{\"@type\":\"WebPage\",\"@id\":\"https:\/\/dracistrakonice.cz\/?page_id=20\",\"url\":\"https:\/\/dracistrakonice.cz\/?page_id=20\",\"name\":\"Kontakty - Draci Strakonice\",\"isPartOf\":{\"@id\":\"https:\/\/dracistrakonice.cz\/#website\"},\"primaryImageOfPage\":{\"@id\":\"https:\/\/dracistrakonice.cz\/?page_id=20#primaryimage\"},\"image\":{\"@id\":\"https:\/\/dracistrakonice.cz\/?page_id=20#primaryimage\"},\"thumbnailUrl\":\"https:\/\/dracistrakonice.cz\/wp-content\/uploads\/2024\/02\/IMG-20210902-WA0000-1024x1024.jpg\",\"datePublished\":\"2023-10-02T09:17:59+00:00\",\"dateModified\":\"2024-02-25T00:45:19+00:00\",\"breadcrumb\":{\"@id\":\"https:\/\/dracistrakonice.cz\/?page_id=20#breadcrumb\"},\"inLanguage\":\"cs\",\"potentialAction\":[{\"@type\":\"ReadAction\",\"target\":[\"https:\/\/dracistrakonice.cz\/?page_id=20\"]}]},{\"@type\":\"ImageObject\",\"inLanguage\":\"cs\",\"@id\":\"https:\/\/dracistrakonice.cz\/?page_id=20#primaryimage\",\"url\":\"https:\/\/dracistrakonice.cz\/wp-content\/uploads\/2024\/02\/IMG-20210902-WA0000.jpg\",\"contentUrl\":\"https:\/\/dracistrakonice.cz\/wp-content\/uploads\/2024\/02\/IMG-20210902-WA0000.jpg\",\"width\":1728,\"height\":1728},{\"@type\":\"BreadcrumbList\",\"@id\":\"https:\/\/dracistrakonice.cz\/?page_id=20#breadcrumb\",\"itemListElement\":[{\"@type\":\"ListItem\",\"position\":1,\"name\":\"Dom\u016f\",\"item\":\"https:\/\/dracistrakonice.cz\/\"},{\"@type\":\"ListItem\",\"position\":2,\"name\":\"Kontakty\"}]},{\"@type\":\"WebSite\",\"@id\":\"https:\/\/dracistrakonice.cz\/#website\",\"url\":\"https:\/\/dracistrakonice.cz\/\",\"name\":\"Draci Strakonice\",\"description\":\"\",\"publisher\":{\"@id\":\"https:\/\/dracistrakonice.cz\/#organization\"},\"potentialAction\":[{\"@type\":\"SearchAction\",\"target\":{\"@type\":\"EntryPoint\",\"urlTemplate\":\"https:\/\/dracistrakonice.cz\/?s={search_term_string}\"},\"query-input\":\"required name=search_term_string\"}],\"inLanguage\":\"cs\"},{\"@type\":\"Organization\",\"@id\":\"https:\/\/dracistrakonice.cz\/#organization\",\"name\":\"Draci Strakonice\",\"url\":\"https:\/\/dracistrakonice.cz\/\",\"logo\":{\"@type\":\"ImageObject\",\"inLanguage\":\"cs\",\"@id\":\"https:\/\/dracistrakonice.cz\/#\/schema\/logo\/image\/\",\"url\":\"https:\/\/dracistrakonice.cz\/wp-content\/uploads\/2024\/02\/Draci-Strakonice.png\",\"contentUrl\":\"https:\/\/dracistrakonice.cz\/wp-content\/uploads\/2024\/02\/Draci-Strakonice.png\",\"width\":500,\"height\":500,\"caption\":\"Draci Strakonice\"},\"image\":{\"@id\":\"https:\/\/dracistrakonice.cz\/#\/schema\/logo\/image\/\"}}]}<\/script>\n<!-- \/ Yoast SEO plugin. -->","yoast_head_json":{"title":"Kontakty - Draci Strakonice","robots":{"index":"index","follow":"follow","max-snippet":"max-snippet:-1","max-image-preview":"max-image-preview:large","max-video-preview":"max-video-preview:-1"},"canonical":"https:\/\/dracistrakonice.cz\/?page_id=20","og_locale":"cs_CZ","og_type":"article","og_title":"Kontakty - Draci Strakonice","og_description":"Kontakty N\u00c1ZEV:&nbsp;DRACI STRAKONICE, z.s.I\u010cO:&nbsp;09928651FORMA:&nbsp;SpolekP\u0158EDSEDA:&nbsp;V\u00e1clav Slav\u00edkTEL.:&nbsp;604 460 493EMAIL:&nbsp;draci.strakonice@seznam.cz","og_url":"https:\/\/dracistrakonice.cz\/?page_id=20","og_site_name":"Draci Strakonice","article_modified_time":"2024-02-25T00:45:19+00:00","og_image":[{"url":"https:\/\/dracistrakonice.cz\/wp-content\/uploads\/2024\/02\/IMG-20210902-WA0000-1024x1024.jpg"}],"twitter_card":"summary_large_image","schema":{"@context":"https:\/\/schema.org","@graph":[{"@type":"WebPage","@id":"https:\/\/dracistrakonice.cz\/?page_id=20","url":"https:\/\/dracistrakonice.cz\/?page_id=20","name":"Kontakty - Draci Strakonice","isPartOf":{"@id":"https:\/\/dracistrakonice.cz\/#website"},"primaryImageOfPage":{"@id":"https:\/\/dracistrakonice.cz\/?page_id=20#primaryimage"},"image":{"@id":"https:\/\/dracistrakonice.cz\/?page_id=20#primaryimage"},"thumbnailUrl":"https:\/\/dracistrakonice.cz\/wp-content\/uploads\/2024\/02\/IMG-20210902-WA0000-1024x1024.jpg","datePublished":"2023-10-02T09:17:59+00:00","dateModified":"2024-02-25T00:45:19+00:00","breadcrumb":{"@id":"https:\/\/dracistrakonice.cz\/?page_id=20#breadcrumb"},"inLanguage":"cs","potentialAction":[{"@type":"ReadAction","target":["https:\/\/dracistrakonice.cz\/?page_id=20"]}]},{"@type":"ImageObject","inLanguage":"cs","@id":"https:\/\/dracistrakonice.cz\/?page_id=20#primaryimage","url":"https:\/\/dracistrakonice.cz\/wp-content\/uploads\/2024\/02\/IMG-20210902-WA0000.jpg","contentUrl":"https:\/\/dracistrakonice.cz\/wp-content\/uploads\/2024\/02\/IMG-20210902-WA0000.jpg","width":1728,"height":1728},{"@type":"BreadcrumbList","@id":"https:\/\/dracistrakonice.cz\/?page_id=20#breadcrumb","itemListElement":[{"@type":"ListItem","position":1,"name":"Dom\u016f","item":"https:\/\/dracistrakonice.cz\/"},{"@type":"ListItem","position":2,"name":"Kontakty"}]},{"@type":"WebSite","@id":"https:\/\/dracistrakonice.cz\/#website","url":"https:\/\/dracistrakonice.cz\/","name":"Draci Strakonice","description":"","publisher":{"@id":"https:\/\/dracistrakonice.cz\/#organization"},"potentialAction":[{"@type":"SearchAction","target":{"@type":"EntryPoint","urlTemplate":"https:\/\/dracistrakonice.cz\/?s={search_term_string}"},"query-input":"required name=search_term_string"}],"inLanguage":"cs"},{"@type":"Organization","@id":"https:\/\/dracistrakonice.cz\/#organization","name":"Draci Strakonice","url":"https:\/\/dracistrakonice.cz\/","logo":{"@type":"ImageObject","inLanguage":"cs","@id":"https:\/\/dracistrakonice.cz\/#\/schema\/logo\/image\/","url":"https:\/\/dracistrakonice.cz\/wp-content\/uploads\/2024\/02\/Draci-Strakonice.png","contentUrl":"https:\/\/dracistrakonice.cz\/wp-content\/uploads\/2024\/02\/Draci-Strakonice.png","width":500,"height":500,"caption":"Draci Strakonice"},"image":{"@id":"https:\/\/dracistrakonice.cz\/#\/schema\/logo\/image\/"}}]}},"_links":{"self":[{"href":"https:\/\/dracistrakonice.cz\/index.php?rest_route=\/wp\/v2\/pages\/20","targetHints":{"allow":["GET"]}}],"collection":[{"href":"https:\/\/dracistrakonice.cz\/index.php?rest_route=\/wp\/v2\/pages"}],"about":[{"href":"https:\/\/dracistrakonice.cz\/index.php?rest_route=\/wp\/v2\/types\/page"}],"author":[{"embeddable":true,"href":"https:\/\/dracistrakonice.cz\/index.php?rest_route=\/wp\/v2\/users\/1"}],"replies":[{"embeddable":true,"href":"https:\/\/dracistrakonice.cz\/index.php?rest_route=%2Fwp%2Fv2%2Fcomments&post=20"}],"version-history":[{"count":1,"href":"https:\/\/dracistrakonice.cz\/index.php?rest_route=\/wp\/v2\/pages\/20\/revisions"}],"predecessor-version":[{"id":249,"href":"https:\/\/dracistrakonice.cz\/index.php?rest_route=\/wp\/v2\/pages\/20\/revisions\/249"}],"wp:attachment":[{"href":"https:\/\/dracistrakonice.cz\/index.php?rest_route=%2Fwp%2Fv2%2Fmedia&parent=20"}],"curies":[{"name":"wp","href":"https:\/\/api.w.org\/{rel}","templated":true}]}}