{"id":18,"date":"2023-10-02T09:17:59","date_gmt":"2023-10-02T09:17:59","guid":{"rendered":"http:\/\/dracistrakonice.local\/?page_id=18"},"modified":"2024-02-25T00:44:33","modified_gmt":"2024-02-25T00:44:33","slug":"zavody","status":"publish","type":"page","link":"https:\/\/dracistrakonice.cz\/?page_id=18","title":{"rendered":"Z\u00e1vody"},"content":{"rendered":"\n<div class=\"wp-block-group alignwide has-global-padding is-layout-constrained wp-block-group-is-layout-constrained\">\n<div class=\"wp-block-columns alignwide is-layout-flex wp-container-core-columns-is-layout-28f84493 wp-block-columns-is-layout-flex\">\n<div class=\"wp-block-column is-layout-flow wp-block-column-is-layout-flow\">\n<h2 class=\"wp-block-heading\">Pravideln\u011b n\u00e1s najdete na t\u011bchto z\u00e1vodech:<\/h2>\n\n\n\n<p>Draci mezi mosty \u010cesk\u00e9 Bud\u011bjovice<br>Bezdrevsk\u00fd dra\u010d\u00ed festival<br>Strakonick\u00fd drak<br>P\u016flno\u010dn\u00ed drak Horn\u00ed Cerekev<\/p>\n\n\n\n<h2 class=\"wp-block-heading\">N\u011bkdy se objev\u00edme zde:<\/h2>\n\n\n\n<p>Dra\u010d\u00ed Popel Praha<br>Vajgarsk\u00e9 san\u011b Jind\u0159ich\u016fv Hradec<br>Tragicky dlouh\u00e9 trat\u011b Praha<\/p>\n<\/div>\n\n\n\n<div class=\"wp-block-column is-layout-flow wp-block-column-is-layout-flow\">\n<figure class=\"wp-block-image size-full\"><img loading=\"lazy\" decoding=\"async\" width=\"940\" height=\"528\" src=\"https:\/\/dracistrakonice.cz\/wp-content\/uploads\/2024\/02\/IMG_6751-2.jpg\" alt=\"\" class=\"wp-image-246\" srcset=\"https:\/\/dracistrakonice.cz\/wp-content\/uploads\/2024\/02\/IMG_6751-2.jpg 940w, https:\/\/dracistrakonice.cz\/wp-content\/uploads\/2024\/02\/IMG_6751-2-300x169.jpg 300w, https:\/\/dracistrakonice.cz\/wp-content\/uploads\/2024\/02\/IMG_6751-2-768x431.jpg 768w\" sizes=\"auto, (max-width: 940px) 100vw, 940px\" \/><\/figure>\n<\/div>\n<\/div>\n<\/div>\n","protected":false},"excerpt":{"rendered":"<p>Pravideln\u011b n\u00e1s najdete na t\u011bchto z\u00e1vodech: Draci mezi mosty \u010cesk\u00e9 Bud\u011bjoviceBezdrevsk\u00fd dra\u010d\u00ed festivalStrakonick\u00fd drakP\u016flno\u010dn\u00ed drak Horn\u00ed Cerekev N\u011bkdy se objev\u00edme zde: Dra\u010d\u00ed Popel PrahaVajgarsk\u00e9 san\u011b Jind\u0159ich\u016fv HradecTragicky dlouh\u00e9 trat\u011b Praha<\/p>\n","protected":false},"author":1,"featured_media":0,"parent":0,"menu_order":0,"comment_status":"closed","ping_status":"closed","template":"","meta":{"footnotes":""},"class_list":["post-18","page","type-page","status-publish","hentry"],"yoast_head":"<!-- This site is optimized with the Yoast SEO plugin v22.9 - https:\/\/yoast.com\/wordpress\/plugins\/seo\/ -->\n<title>Z\u00e1vody - Draci Strakonice<\/title>\n<meta name=\"robots\" content=\"index, follow, max-snippet:-1, max-image-preview:large, max-video-preview:-1\" \/>\n<link rel=\"canonical\" href=\"https:\/\/dracistrakonice.cz\/?page_id=18\" \/>\n<meta property=\"og:locale\" content=\"cs_CZ\" \/>\n<meta property=\"og:type\" content=\"article\" \/>\n<meta property=\"og:title\" content=\"Z\u00e1vody - Draci Strakonice\" \/>\n<meta property=\"og:description\" content=\"Pravideln\u011b n\u00e1s najdete na t\u011bchto z\u00e1vodech: Draci mezi mosty \u010cesk\u00e9 Bud\u011bjoviceBezdrevsk\u00fd dra\u010d\u00ed festivalStrakonick\u00fd drakP\u016flno\u010dn\u00ed drak Horn\u00ed Cerekev N\u011bkdy se objev\u00edme zde: Dra\u010d\u00ed Popel PrahaVajgarsk\u00e9 san\u011b Jind\u0159ich\u016fv HradecTragicky dlouh\u00e9 trat\u011b Praha\" \/>\n<meta property=\"og:url\" content=\"https:\/\/dracistrakonice.cz\/?page_id=18\" \/>\n<meta property=\"og:site_name\" content=\"Draci Strakonice\" \/>\n<meta property=\"article:modified_time\" content=\"2024-02-25T00:44:33+00:00\" \/>\n<meta property=\"og:image\" content=\"https:\/\/dracistrakonice.cz\/wp-content\/uploads\/2024\/02\/IMG_6751-2.jpg\" \/>\n<meta name=\"twitter:card\" content=\"summary_large_image\" \/>\n<script type=\"application\/ld+json\" class=\"yoast-schema-graph\">{\"@context\":\"https:\/\/schema.org\",\"@graph\":[{\"@type\":\"WebPage\",\"@id\":\"https:\/\/dracistrakonice.cz\/?page_id=18\",\"url\":\"https:\/\/dracistrakonice.cz\/?page_id=18\",\"name\":\"Z\u00e1vody - Draci Strakonice\",\"isPartOf\":{\"@id\":\"https:\/\/dracistrakonice.cz\/#website\"},\"primaryImageOfPage\":{\"@id\":\"https:\/\/dracistrakonice.cz\/?page_id=18#primaryimage\"},\"image\":{\"@id\":\"https:\/\/dracistrakonice.cz\/?page_id=18#primaryimage\"},\"thumbnailUrl\":\"https:\/\/dracistrakonice.cz\/wp-content\/uploads\/2024\/02\/IMG_6751-2.jpg\",\"datePublished\":\"2023-10-02T09:17:59+00:00\",\"dateModified\":\"2024-02-25T00:44:33+00:00\",\"breadcrumb\":{\"@id\":\"https:\/\/dracistrakonice.cz\/?page_id=18#breadcrumb\"},\"inLanguage\":\"cs\",\"potentialAction\":[{\"@type\":\"ReadAction\",\"target\":[\"https:\/\/dracistrakonice.cz\/?page_id=18\"]}]},{\"@type\":\"ImageObject\",\"inLanguage\":\"cs\",\"@id\":\"https:\/\/dracistrakonice.cz\/?page_id=18#primaryimage\",\"url\":\"https:\/\/dracistrakonice.cz\/wp-content\/uploads\/2024\/02\/IMG_6751-2.jpg\",\"contentUrl\":\"https:\/\/dracistrakonice.cz\/wp-content\/uploads\/2024\/02\/IMG_6751-2.jpg\",\"width\":940,\"height\":528},{\"@type\":\"BreadcrumbList\",\"@id\":\"https:\/\/dracistrakonice.cz\/?page_id=18#breadcrumb\",\"itemListElement\":[{\"@type\":\"ListItem\",\"position\":1,\"name\":\"Dom\u016f\",\"item\":\"https:\/\/dracistrakonice.cz\/\"},{\"@type\":\"ListItem\",\"position\":2,\"name\":\"Z\u00e1vody\"}]},{\"@type\":\"WebSite\",\"@id\":\"https:\/\/dracistrakonice.cz\/#website\",\"url\":\"https:\/\/dracistrakonice.cz\/\",\"name\":\"Draci Strakonice\",\"description\":\"\",\"publisher\":{\"@id\":\"https:\/\/dracistrakonice.cz\/#organization\"},\"potentialAction\":[{\"@type\":\"SearchAction\",\"target\":{\"@type\":\"EntryPoint\",\"urlTemplate\":\"https:\/\/dracistrakonice.cz\/?s={search_term_string}\"},\"query-input\":\"required name=search_term_string\"}],\"inLanguage\":\"cs\"},{\"@type\":\"Organization\",\"@id\":\"https:\/\/dracistrakonice.cz\/#organization\",\"name\":\"Draci Strakonice\",\"url\":\"https:\/\/dracistrakonice.cz\/\",\"logo\":{\"@type\":\"ImageObject\",\"inLanguage\":\"cs\",\"@id\":\"https:\/\/dracistrakonice.cz\/#\/schema\/logo\/image\/\",\"url\":\"https:\/\/dracistrakonice.cz\/wp-content\/uploads\/2024\/02\/Draci-Strakonice.png\",\"contentUrl\":\"https:\/\/dracistrakonice.cz\/wp-content\/uploads\/2024\/02\/Draci-Strakonice.png\",\"width\":500,\"height\":500,\"caption\":\"Draci Strakonice\"},\"image\":{\"@id\":\"https:\/\/dracistrakonice.cz\/#\/schema\/logo\/image\/\"}}]}<\/script>\n<!-- \/ Yoast SEO plugin. -->","yoast_head_json":{"title":"Z\u00e1vody - Draci Strakonice","robots":{"index":"index","follow":"follow","max-snippet":"max-snippet:-1","max-image-preview":"max-image-preview:large","max-video-preview":"max-video-preview:-1"},"canonical":"https:\/\/dracistrakonice.cz\/?page_id=18","og_locale":"cs_CZ","og_type":"article","og_title":"Z\u00e1vody - Draci Strakonice","og_description":"Pravideln\u011b n\u00e1s najdete na t\u011bchto z\u00e1vodech: Draci mezi mosty \u010cesk\u00e9 Bud\u011bjoviceBezdrevsk\u00fd dra\u010d\u00ed festivalStrakonick\u00fd drakP\u016flno\u010dn\u00ed drak Horn\u00ed Cerekev N\u011bkdy se objev\u00edme zde: Dra\u010d\u00ed Popel PrahaVajgarsk\u00e9 san\u011b Jind\u0159ich\u016fv HradecTragicky dlouh\u00e9 trat\u011b Praha","og_url":"https:\/\/dracistrakonice.cz\/?page_id=18","og_site_name":"Draci Strakonice","article_modified_time":"2024-02-25T00:44:33+00:00","og_image":[{"url":"https:\/\/dracistrakonice.cz\/wp-content\/uploads\/2024\/02\/IMG_6751-2.jpg"}],"twitter_card":"summary_large_image","schema":{"@context":"https:\/\/schema.org","@graph":[{"@type":"WebPage","@id":"https:\/\/dracistrakonice.cz\/?page_id=18","url":"https:\/\/dracistrakonice.cz\/?page_id=18","name":"Z\u00e1vody - Draci Strakonice","isPartOf":{"@id":"https:\/\/dracistrakonice.cz\/#website"},"primaryImageOfPage":{"@id":"https:\/\/dracistrakonice.cz\/?page_id=18#primaryimage"},"image":{"@id":"https:\/\/dracistrakonice.cz\/?page_id=18#primaryimage"},"thumbnailUrl":"https:\/\/dracistrakonice.cz\/wp-content\/uploads\/2024\/02\/IMG_6751-2.jpg","datePublished":"2023-10-02T09:17:59+00:00","dateModified":"2024-02-25T00:44:33+00:00","breadcrumb":{"@id":"https:\/\/dracistrakonice.cz\/?page_id=18#breadcrumb"},"inLanguage":"cs","potentialAction":[{"@type":"ReadAction","target":["https:\/\/dracistrakonice.cz\/?page_id=18"]}]},{"@type":"ImageObject","inLanguage":"cs","@id":"https:\/\/dracistrakonice.cz\/?page_id=18#primaryimage","url":"https:\/\/dracistrakonice.cz\/wp-content\/uploads\/2024\/02\/IMG_6751-2.jpg","contentUrl":"https:\/\/dracistrakonice.cz\/wp-content\/uploads\/2024\/02\/IMG_6751-2.jpg","width":940,"height":528},{"@type":"BreadcrumbList","@id":"https:\/\/dracistrakonice.cz\/?page_id=18#breadcrumb","itemListElement":[{"@type":"ListItem","position":1,"name":"Dom\u016f","item":"https:\/\/dracistrakonice.cz\/"},{"@type":"ListItem","position":2,"name":"Z\u00e1vody"}]},{"@type":"WebSite","@id":"https:\/\/dracistrakonice.cz\/#website","url":"https:\/\/dracistrakonice.cz\/","name":"Draci Strakonice","description":"","publisher":{"@id":"https:\/\/dracistrakonice.cz\/#organization"},"potentialAction":[{"@type":"SearchAction","target":{"@type":"EntryPoint","urlTemplate":"https:\/\/dracistrakonice.cz\/?s={search_term_string}"},"query-input":"required name=search_term_string"}],"inLanguage":"cs"},{"@type":"Organization","@id":"https:\/\/dracistrakonice.cz\/#organization","name":"Draci Strakonice","url":"https:\/\/dracistrakonice.cz\/","logo":{"@type":"ImageObject","inLanguage":"cs","@id":"https:\/\/dracistrakonice.cz\/#\/schema\/logo\/image\/","url":"https:\/\/dracistrakonice.cz\/wp-content\/uploads\/2024\/02\/Draci-Strakonice.png","contentUrl":"https:\/\/dracistrakonice.cz\/wp-content\/uploads\/2024\/02\/Draci-Strakonice.png","width":500,"height":500,"caption":"Draci Strakonice"},"image":{"@id":"https:\/\/dracistrakonice.cz\/#\/schema\/logo\/image\/"}}]}},"_links":{"self":[{"href":"https:\/\/dracistrakonice.cz\/index.php?rest_route=\/wp\/v2\/pages\/18","targetHints":{"allow":["GET"]}}],"collection":[{"href":"https:\/\/dracistrakonice.cz\/index.php?rest_route=\/wp\/v2\/pages"}],"about":[{"href":"https:\/\/dracistrakonice.cz\/index.php?rest_route=\/wp\/v2\/types\/page"}],"author":[{"embeddable":true,"href":"https:\/\/dracistrakonice.cz\/index.php?rest_route=\/wp\/v2\/users\/1"}],"replies":[{"embeddable":true,"href":"https:\/\/dracistrakonice.cz\/index.php?rest_route=%2Fwp%2Fv2%2Fcomments&post=18"}],"version-history":[{"count":1,"href":"https:\/\/dracistrakonice.cz\/index.php?rest_route=\/wp\/v2\/pages\/18\/revisions"}],"predecessor-version":[{"id":247,"href":"https:\/\/dracistrakonice.cz\/index.php?rest_route=\/wp\/v2\/pages\/18\/revisions\/247"}],"wp:attachment":[{"href":"https:\/\/dracistrakonice.cz\/index.php?rest_route=%2Fwp%2Fv2%2Fmedia&parent=18"}],"curies":[{"name":"wp","href":"https:\/\/api.w.org\/{rel}","templated":true}]}}