{"id":16,"date":"2023-10-02T09:17:59","date_gmt":"2023-10-02T09:17:59","guid":{"rendered":"http:\/\/dracistrakonice.local\/?page_id=16"},"modified":"2024-02-26T22:14:05","modified_gmt":"2024-02-26T22:14:05","slug":"posadky","status":"publish","type":"page","link":"https:\/\/dracistrakonice.cz\/?page_id=16","title":{"rendered":"Pos\u00e1dky"},"content":{"rendered":"\n<div class=\"wp-block-group alignwide has-global-padding is-layout-constrained wp-block-group-is-layout-constrained\">\n<div class=\"wp-block-columns alignwide is-layout-flex wp-container-core-columns-is-layout-28f84493 wp-block-columns-is-layout-flex\">\n<div class=\"wp-block-column is-layout-flow wp-block-column-is-layout-flow\" style=\"flex-basis:25%\">\n<figure class=\"wp-block-image size-full\"><a href=\"https:\/\/dracistrakonice.cz\/?page_id=76\"><img loading=\"lazy\" decoding=\"async\" width=\"500\" height=\"500\" src=\"https:\/\/dracistrakonice.cz\/wp-content\/uploads\/2024\/02\/buchtateam.png\" alt=\"\" class=\"wp-image-232\" srcset=\"https:\/\/dracistrakonice.cz\/wp-content\/uploads\/2024\/02\/buchtateam.png 500w, https:\/\/dracistrakonice.cz\/wp-content\/uploads\/2024\/02\/buchtateam-300x300.png 300w, https:\/\/dracistrakonice.cz\/wp-content\/uploads\/2024\/02\/buchtateam-150x150.png 150w\" sizes=\"auto, (max-width: 500px) 100vw, 500px\" \/><\/a><\/figure>\n<\/div>\n\n\n\n<div class=\"wp-block-column is-layout-flow wp-block-column-is-layout-flow\" style=\"flex-basis:75%\">\n<h2 class=\"wp-block-heading has-text-align-right\"><a href=\"https:\/\/dracistrakonice.cz\/?page_id=76\" data-type=\"page\" data-id=\"76\">Buchta team<\/a><\/h2>\n<\/div>\n<\/div>\n\n\n\n<hr class=\"wp-block-separator alignwide has-alpha-channel-opacity is-style-default\"\/>\n<\/div>\n\n\n\n<div class=\"wp-block-group alignwide has-global-padding is-layout-constrained wp-block-group-is-layout-constrained\">\n<div class=\"wp-block-columns alignwide is-layout-flex wp-container-core-columns-is-layout-28f84493 wp-block-columns-is-layout-flex\">\n<div class=\"wp-block-column is-layout-flow wp-block-column-is-layout-flow\" style=\"flex-basis:25%\">\n<figure class=\"wp-block-image size-full\"><a href=\"https:\/\/dracistrakonice.cz\/?page_id=78\"><img loading=\"lazy\" decoding=\"async\" width=\"500\" height=\"500\" src=\"https:\/\/dracistrakonice.cz\/wp-content\/uploads\/2024\/02\/kap.png\" alt=\"\" class=\"wp-image-233\" srcset=\"https:\/\/dracistrakonice.cz\/wp-content\/uploads\/2024\/02\/kap.png 500w, https:\/\/dracistrakonice.cz\/wp-content\/uploads\/2024\/02\/kap-300x300.png 300w, https:\/\/dracistrakonice.cz\/wp-content\/uploads\/2024\/02\/kap-150x150.png 150w\" sizes=\"auto, (max-width: 500px) 100vw, 500px\" \/><\/a><\/figure>\n<\/div>\n\n\n\n<div class=\"wp-block-column is-layout-flow wp-block-column-is-layout-flow\" style=\"flex-basis:75%\">\n<h2 class=\"wp-block-heading has-text-align-right\"><a href=\"https:\/\/dracistrakonice.cz\/?page_id=78\" data-type=\"page\" data-id=\"78\">Kl\u00eddek a pohoda<\/a><\/h2>\n<\/div>\n<\/div>\n\n\n\n<hr class=\"wp-block-separator alignwide has-alpha-channel-opacity\"\/>\n<\/div>\n\n\n\n<div class=\"wp-block-group alignwide has-global-padding is-layout-constrained wp-block-group-is-layout-constrained\">\n<div class=\"wp-block-columns alignwide is-layout-flex wp-container-core-columns-is-layout-28f84493 wp-block-columns-is-layout-flex\">\n<div class=\"wp-block-column is-layout-flow wp-block-column-is-layout-flow\" style=\"flex-basis:25%\">\n<figure class=\"wp-block-image size-full\"><a href=\"https:\/\/dracistrakonice.cz\/?page_id=80\"><img loading=\"lazy\" decoding=\"async\" width=\"500\" height=\"500\" src=\"https:\/\/dracistrakonice.cz\/wp-content\/uploads\/2024\/02\/rumpalnice.png\" alt=\"\" class=\"wp-image-234\" srcset=\"https:\/\/dracistrakonice.cz\/wp-content\/uploads\/2024\/02\/rumpalnice.png 500w, https:\/\/dracistrakonice.cz\/wp-content\/uploads\/2024\/02\/rumpalnice-300x300.png 300w, https:\/\/dracistrakonice.cz\/wp-content\/uploads\/2024\/02\/rumpalnice-150x150.png 150w\" sizes=\"auto, (max-width: 500px) 100vw, 500px\" \/><\/a><\/figure>\n<\/div>\n\n\n\n<div class=\"wp-block-column is-layout-flow wp-block-column-is-layout-flow\" style=\"flex-basis:75%\">\n<h2 class=\"wp-block-heading has-text-align-right\"><a href=\"https:\/\/dracistrakonice.cz\/?page_id=80\" data-type=\"page\" data-id=\"80\">Rump\u00e1lnice<\/a><\/h2>\n<\/div>\n<\/div>\n\n\n\n<hr class=\"wp-block-separator alignwide has-alpha-channel-opacity\"\/>\n<\/div>\n\n\n\n<div class=\"wp-block-group alignwide has-global-padding is-layout-constrained wp-block-group-is-layout-constrained\">\n<div class=\"wp-block-columns alignwide is-layout-flex wp-container-core-columns-is-layout-28f84493 wp-block-columns-is-layout-flex\">\n<div class=\"wp-block-column is-layout-flow wp-block-column-is-layout-flow\" style=\"flex-basis:25%\">\n<figure class=\"wp-block-image size-full\"><a href=\"https:\/\/dracistrakonice.cz\/?page_id=84\"><img loading=\"lazy\" decoding=\"async\" width=\"500\" height=\"500\" src=\"https:\/\/dracistrakonice.cz\/wp-content\/uploads\/2024\/02\/samvod.png\" alt=\"\" class=\"wp-image-235\" srcset=\"https:\/\/dracistrakonice.cz\/wp-content\/uploads\/2024\/02\/samvod.png 500w, https:\/\/dracistrakonice.cz\/wp-content\/uploads\/2024\/02\/samvod-300x300.png 300w, https:\/\/dracistrakonice.cz\/wp-content\/uploads\/2024\/02\/samvod-150x150.png 150w\" sizes=\"auto, (max-width: 500px) 100vw, 500px\" \/><\/a><\/figure>\n<\/div>\n\n\n\n<div class=\"wp-block-column is-layout-flow wp-block-column-is-layout-flow\" style=\"flex-basis:75%\">\n<h2 class=\"wp-block-heading has-text-align-right\"><a href=\"https:\/\/dracistrakonice.cz\/?page_id=84\" data-type=\"page\" data-id=\"84\">Sam\u00e1 voda<\/a><\/h2>\n<\/div>\n<\/div>\n\n\n\n<hr class=\"wp-block-separator alignwide has-alpha-channel-opacity\"\/>\n<\/div>\n\n\n\n<div class=\"wp-block-group alignwide has-global-padding is-layout-constrained wp-block-group-is-layout-constrained\">\n<div class=\"wp-block-columns alignwide is-layout-flex wp-container-core-columns-is-layout-28f84493 wp-block-columns-is-layout-flex\">\n<div class=\"wp-block-column is-layout-flow wp-block-column-is-layout-flow\" style=\"flex-basis:25%\">\n<figure class=\"wp-block-image size-full\"><a href=\"https:\/\/dracistrakonice.cz\/?page_id=85\"><img loading=\"lazy\" decoding=\"async\" width=\"500\" height=\"500\" src=\"https:\/\/dracistrakonice.cz\/wp-content\/uploads\/2024\/02\/slavlet.png\" alt=\"\" class=\"wp-image-236\" srcset=\"https:\/\/dracistrakonice.cz\/wp-content\/uploads\/2024\/02\/slavlet.png 500w, https:\/\/dracistrakonice.cz\/wp-content\/uploads\/2024\/02\/slavlet-300x300.png 300w, https:\/\/dracistrakonice.cz\/wp-content\/uploads\/2024\/02\/slavlet-150x150.png 150w\" sizes=\"auto, (max-width: 500px) 100vw, 500px\" \/><\/a><\/figure>\n<\/div>\n\n\n\n<div class=\"wp-block-column is-layout-flow wp-block-column-is-layout-flow\" style=\"flex-basis:75%\">\n<h2 class=\"wp-block-heading has-text-align-right\"><a href=\"https:\/\/dracistrakonice.cz\/?page_id=85\" data-type=\"page\" data-id=\"85\">Slavi\u010d\u00ed letka<\/a><\/h2>\n<\/div>\n<\/div>\n<\/div>\n","protected":false},"excerpt":{"rendered":"<p>Buchta team Kl\u00eddek a pohoda Rump\u00e1lnice Sam\u00e1 voda Slavi\u010d\u00ed letka<\/p>\n","protected":false},"author":1,"featured_media":0,"parent":0,"menu_order":0,"comment_status":"closed","ping_status":"closed","template":"","meta":{"footnotes":""},"class_list":["post-16","page","type-page","status-publish","hentry"],"yoast_head":"<!-- This site is optimized with the Yoast SEO plugin v22.9 - https:\/\/yoast.com\/wordpress\/plugins\/seo\/ -->\n<title>Pos\u00e1dky - Draci Strakonice<\/title>\n<meta name=\"robots\" content=\"index, follow, max-snippet:-1, max-image-preview:large, max-video-preview:-1\" \/>\n<link rel=\"canonical\" href=\"https:\/\/dracistrakonice.cz\/?page_id=16\" \/>\n<meta property=\"og:locale\" content=\"cs_CZ\" \/>\n<meta property=\"og:type\" content=\"article\" \/>\n<meta property=\"og:title\" content=\"Pos\u00e1dky - Draci Strakonice\" \/>\n<meta property=\"og:description\" content=\"Buchta team Kl\u00eddek a pohoda Rump\u00e1lnice Sam\u00e1 voda Slavi\u010d\u00ed letka\" \/>\n<meta property=\"og:url\" content=\"https:\/\/dracistrakonice.cz\/?page_id=16\" \/>\n<meta property=\"og:site_name\" content=\"Draci Strakonice\" \/>\n<meta property=\"article:modified_time\" content=\"2024-02-26T22:14:05+00:00\" \/>\n<meta property=\"og:image\" content=\"https:\/\/dracistrakonice.cz\/wp-content\/uploads\/2024\/02\/buchtateam.png\" \/>\n<meta name=\"twitter:card\" content=\"summary_large_image\" \/>\n<script type=\"application\/ld+json\" class=\"yoast-schema-graph\">{\"@context\":\"https:\/\/schema.org\",\"@graph\":[{\"@type\":\"WebPage\",\"@id\":\"https:\/\/dracistrakonice.cz\/?page_id=16\",\"url\":\"https:\/\/dracistrakonice.cz\/?page_id=16\",\"name\":\"Pos\u00e1dky - Draci Strakonice\",\"isPartOf\":{\"@id\":\"https:\/\/dracistrakonice.cz\/#website\"},\"primaryImageOfPage\":{\"@id\":\"https:\/\/dracistrakonice.cz\/?page_id=16#primaryimage\"},\"image\":{\"@id\":\"https:\/\/dracistrakonice.cz\/?page_id=16#primaryimage\"},\"thumbnailUrl\":\"https:\/\/dracistrakonice.cz\/wp-content\/uploads\/2024\/02\/buchtateam.png\",\"datePublished\":\"2023-10-02T09:17:59+00:00\",\"dateModified\":\"2024-02-26T22:14:05+00:00\",\"breadcrumb\":{\"@id\":\"https:\/\/dracistrakonice.cz\/?page_id=16#breadcrumb\"},\"inLanguage\":\"cs\",\"potentialAction\":[{\"@type\":\"ReadAction\",\"target\":[\"https:\/\/dracistrakonice.cz\/?page_id=16\"]}]},{\"@type\":\"ImageObject\",\"inLanguage\":\"cs\",\"@id\":\"https:\/\/dracistrakonice.cz\/?page_id=16#primaryimage\",\"url\":\"https:\/\/dracistrakonice.cz\/wp-content\/uploads\/2024\/02\/buchtateam.png\",\"contentUrl\":\"https:\/\/dracistrakonice.cz\/wp-content\/uploads\/2024\/02\/buchtateam.png\",\"width\":500,\"height\":500},{\"@type\":\"BreadcrumbList\",\"@id\":\"https:\/\/dracistrakonice.cz\/?page_id=16#breadcrumb\",\"itemListElement\":[{\"@type\":\"ListItem\",\"position\":1,\"name\":\"Dom\u016f\",\"item\":\"https:\/\/dracistrakonice.cz\/\"},{\"@type\":\"ListItem\",\"position\":2,\"name\":\"Pos\u00e1dky\"}]},{\"@type\":\"WebSite\",\"@id\":\"https:\/\/dracistrakonice.cz\/#website\",\"url\":\"https:\/\/dracistrakonice.cz\/\",\"name\":\"Draci Strakonice\",\"description\":\"\",\"publisher\":{\"@id\":\"https:\/\/dracistrakonice.cz\/#organization\"},\"potentialAction\":[{\"@type\":\"SearchAction\",\"target\":{\"@type\":\"EntryPoint\",\"urlTemplate\":\"https:\/\/dracistrakonice.cz\/?s={search_term_string}\"},\"query-input\":\"required name=search_term_string\"}],\"inLanguage\":\"cs\"},{\"@type\":\"Organization\",\"@id\":\"https:\/\/dracistrakonice.cz\/#organization\",\"name\":\"Draci Strakonice\",\"url\":\"https:\/\/dracistrakonice.cz\/\",\"logo\":{\"@type\":\"ImageObject\",\"inLanguage\":\"cs\",\"@id\":\"https:\/\/dracistrakonice.cz\/#\/schema\/logo\/image\/\",\"url\":\"https:\/\/dracistrakonice.cz\/wp-content\/uploads\/2024\/02\/Draci-Strakonice.png\",\"contentUrl\":\"https:\/\/dracistrakonice.cz\/wp-content\/uploads\/2024\/02\/Draci-Strakonice.png\",\"width\":500,\"height\":500,\"caption\":\"Draci Strakonice\"},\"image\":{\"@id\":\"https:\/\/dracistrakonice.cz\/#\/schema\/logo\/image\/\"}}]}<\/script>\n<!-- \/ Yoast SEO plugin. -->","yoast_head_json":{"title":"Pos\u00e1dky - Draci Strakonice","robots":{"index":"index","follow":"follow","max-snippet":"max-snippet:-1","max-image-preview":"max-image-preview:large","max-video-preview":"max-video-preview:-1"},"canonical":"https:\/\/dracistrakonice.cz\/?page_id=16","og_locale":"cs_CZ","og_type":"article","og_title":"Pos\u00e1dky - Draci Strakonice","og_description":"Buchta team Kl\u00eddek a pohoda Rump\u00e1lnice Sam\u00e1 voda Slavi\u010d\u00ed letka","og_url":"https:\/\/dracistrakonice.cz\/?page_id=16","og_site_name":"Draci Strakonice","article_modified_time":"2024-02-26T22:14:05+00:00","og_image":[{"url":"https:\/\/dracistrakonice.cz\/wp-content\/uploads\/2024\/02\/buchtateam.png"}],"twitter_card":"summary_large_image","schema":{"@context":"https:\/\/schema.org","@graph":[{"@type":"WebPage","@id":"https:\/\/dracistrakonice.cz\/?page_id=16","url":"https:\/\/dracistrakonice.cz\/?page_id=16","name":"Pos\u00e1dky - Draci Strakonice","isPartOf":{"@id":"https:\/\/dracistrakonice.cz\/#website"},"primaryImageOfPage":{"@id":"https:\/\/dracistrakonice.cz\/?page_id=16#primaryimage"},"image":{"@id":"https:\/\/dracistrakonice.cz\/?page_id=16#primaryimage"},"thumbnailUrl":"https:\/\/dracistrakonice.cz\/wp-content\/uploads\/2024\/02\/buchtateam.png","datePublished":"2023-10-02T09:17:59+00:00","dateModified":"2024-02-26T22:14:05+00:00","breadcrumb":{"@id":"https:\/\/dracistrakonice.cz\/?page_id=16#breadcrumb"},"inLanguage":"cs","potentialAction":[{"@type":"ReadAction","target":["https:\/\/dracistrakonice.cz\/?page_id=16"]}]},{"@type":"ImageObject","inLanguage":"cs","@id":"https:\/\/dracistrakonice.cz\/?page_id=16#primaryimage","url":"https:\/\/dracistrakonice.cz\/wp-content\/uploads\/2024\/02\/buchtateam.png","contentUrl":"https:\/\/dracistrakonice.cz\/wp-content\/uploads\/2024\/02\/buchtateam.png","width":500,"height":500},{"@type":"BreadcrumbList","@id":"https:\/\/dracistrakonice.cz\/?page_id=16#breadcrumb","itemListElement":[{"@type":"ListItem","position":1,"name":"Dom\u016f","item":"https:\/\/dracistrakonice.cz\/"},{"@type":"ListItem","position":2,"name":"Pos\u00e1dky"}]},{"@type":"WebSite","@id":"https:\/\/dracistrakonice.cz\/#website","url":"https:\/\/dracistrakonice.cz\/","name":"Draci Strakonice","description":"","publisher":{"@id":"https:\/\/dracistrakonice.cz\/#organization"},"potentialAction":[{"@type":"SearchAction","target":{"@type":"EntryPoint","urlTemplate":"https:\/\/dracistrakonice.cz\/?s={search_term_string}"},"query-input":"required name=search_term_string"}],"inLanguage":"cs"},{"@type":"Organization","@id":"https:\/\/dracistrakonice.cz\/#organization","name":"Draci Strakonice","url":"https:\/\/dracistrakonice.cz\/","logo":{"@type":"ImageObject","inLanguage":"cs","@id":"https:\/\/dracistrakonice.cz\/#\/schema\/logo\/image\/","url":"https:\/\/dracistrakonice.cz\/wp-content\/uploads\/2024\/02\/Draci-Strakonice.png","contentUrl":"https:\/\/dracistrakonice.cz\/wp-content\/uploads\/2024\/02\/Draci-Strakonice.png","width":500,"height":500,"caption":"Draci Strakonice"},"image":{"@id":"https:\/\/dracistrakonice.cz\/#\/schema\/logo\/image\/"}}]}},"_links":{"self":[{"href":"https:\/\/dracistrakonice.cz\/index.php?rest_route=\/wp\/v2\/pages\/16","targetHints":{"allow":["GET"]}}],"collection":[{"href":"https:\/\/dracistrakonice.cz\/index.php?rest_route=\/wp\/v2\/pages"}],"about":[{"href":"https:\/\/dracistrakonice.cz\/index.php?rest_route=\/wp\/v2\/types\/page"}],"author":[{"embeddable":true,"href":"https:\/\/dracistrakonice.cz\/index.php?rest_route=\/wp\/v2\/users\/1"}],"replies":[{"embeddable":true,"href":"https:\/\/dracistrakonice.cz\/index.php?rest_route=%2Fwp%2Fv2%2Fcomments&post=16"}],"version-history":[{"count":4,"href":"https:\/\/dracistrakonice.cz\/index.php?rest_route=\/wp\/v2\/pages\/16\/revisions"}],"predecessor-version":[{"id":325,"href":"https:\/\/dracistrakonice.cz\/index.php?rest_route=\/wp\/v2\/pages\/16\/revisions\/325"}],"wp:attachment":[{"href":"https:\/\/dracistrakonice.cz\/index.php?rest_route=%2Fwp%2Fv2%2Fmedia&parent=16"}],"curies":[{"name":"wp","href":"https:\/\/api.w.org\/{rel}","templated":true}]}}